{"id":9197,"date":"2022-10-08T02:16:32","date_gmt":"2022-10-08T00:16:32","guid":{"rendered":"https:\/\/odvjetniksesar.hr\/o-nama-2\/"},"modified":"2023-07-30T17:30:38","modified_gmt":"2023-07-30T15:30:38","slug":"team","status":"publish","type":"page","link":"https:\/\/odvjetniksesar.hr\/en\/team\/","title":{"rendered":"Team"},"content":{"rendered":"<div class=\"wpb-content-wrapper\"><style type=\"text\/css\" data-type=\"vc_cmsms_shortcodes-custom-css\"><\/style><p>[vc_row][vc_column width=&#8221;1\/6&#8243;][\/vc_column][vc_column width=&#8221;2\/3&#8243; css=&#8221;.vc_custom_1662170132670{margin-top: 150px !important;}&#8221;][vc_custom_heading text=&#8221;Team&#8221; font_container=&#8221;tag:h5|font_size:25|text_align:center|color:%23999999&#8243; google_fonts=&#8221;font_family:PT%20Serif%3Aregular%2Citalic%2C700%2C700italic|font_style:400%20italic%3A400%3Aitalic&#8221; el_id=&#8221;maintit2&#8243;][\/vc_column][vc_column width=&#8221;1\/6&#8243;][\/vc_column][\/vc_row][vc_row full_width=&#8221;stretch_row&#8221; css=&#8221;.vc_custom_1662170225920{margin-top: 0px !important;padding-top: 40px !important;padding-bottom: 100px !important;}&#8221;][vc_column width=&#8221;1\/3&#8243; offset=&#8221;vc_col-md-4&#8243;][cmsms_profile uniqid=&#8221;cmsms_shcd_64c67fa5c2dde0_55280802&#8243; image=&#8221;9430&#8243; title=&#8221;Antonela Sesar, mag.iur.&#8221; subtitle=&#8221;ATTORNEY AT LAW\/OWNER&#8221; icons=&#8221;%5B%7B%7D%5D&#8221; text=&#8221;Antonela attended the Faculty of Law in Rijeka and the Faculty of Law at the University of Wroclaw, graduating at the Faculty of Law in Rijeka. She has experience working at the Victim and Witness Support Division at the Rijeka County Court, providing assistance in criminal proceedings. She also worked as a trainee lawyer at the Pavlak, Slanina Fabijani\u0107, Kati\u0107 Pavlak law firm and at the Kne\u017eevi\u0107 and Partners law firm. After passing the bar exam, Antonela was registered in the Directory of Lawyers of the Croatian Bar Association, and opened her own law firm in Rijeka.&#8221;][\/vc_column][vc_column width=&#8221;1\/3&#8243; offset=&#8221;vc_col-md-4&#8243;][cmsms_profile uniqid=&#8221;cmsms_shcd_64c67ff72c72d7_81444510&#8243; image=&#8221;9432&#8243; title=&#8221;Ariana Kosteli\u0107, mag. iur.&#8221; subtitle=&#8221;LAWYER&#8217;S TRAINEE&#8221; icons=&#8221;%5B%7B%7D%5D&#8221; text=&#8221;Ariana graduated from the Faculty of Law in Rijeka and was employed at the Antonela Sesar Law Office immediately after graduation. As a trainee lawyer, she represents parties before courts and state bodies, prepares legal analysis and opinions in all branches of law, with an emphasis on administrative law, i.e. work with foreigners.&#8221;][\/vc_column][vc_column width=&#8221;1\/3&#8243;][cmsms_profile uniqid=&#8221;cmsms_shcd_64c681dca0f6d9_89961863&#8243; image=&#8221;9437&#8243; title=&#8221;Mia Brenc, mag.oec.&#8221; subtitle=&#8221;ASSISTANT&#8221; icons=&#8221;%5B%7B%7D%5D&#8221; text=&#8221;After completing her master`s degree at the Faculty of Tourism and Hospitality Management, Mia lived and worked in the United States of America for several years as a financial advisor and promoter.<\/p>\n<p>With Antonela`s legal expertise, Mia`s mission is to simplify and to expedite the process of issuing, legalizing and reviewing all the documents for you to become a Croatian citizen and to guide you through the entire process of applying for Croatian citizenship.&#8221;][\/vc_column][\/vc_row]<\/p>\n<\/div>","protected":false},"excerpt":{"rendered":"<p>[vc_row][vc_column width=&#8221;1\/6&#8243;][\/vc_column][vc_column width=&#8221;2\/3&#8243; css=&#8221;.vc_custom_1662170132670{margin-top: 150px !important;}&#8221;][vc_custom_heading text=&#8221;Team&#8221; font_container=&#8221;tag:h5|font_size:25|text_align:center|color:%23999999&#8243; google_fonts=&#8221;font_family:PT%20Serif%3Aregular%2Citalic%2C700%2C700italic|font_style:400%20italic%3A400%3Aitalic&#8221; el_id=&#8221;maintit2&#8243;][\/vc_column][vc_column width=&#8221;1\/6&#8243;][\/vc_column][\/vc_row][vc_row full_width=&#8221;stretch_row&#8221; css=&#8221;.vc_custom_1662170225920{margin-top: 0px !important;padding-top: 40px !important;padding-bottom: 100px !important;}&#8221;][vc_column width=&#8221;1\/3&#8243; offset=&#8221;vc_col-md-4&#8243;][cmsms_profile uniqid=&#8221;cmsms_shcd_64c67fa5c2dde0_55280802&#8243; image=&#8221;9430&#8243; title=&#8221;Antonela Sesar, mag.iur.&#8221; subtitle=&#8221;ATTORNEY AT LAW\/OWNER&#8221; icons=&#8221;%5B%7B%7D%5D&#8221; text=&#8221;Antonela attended the Faculty of Law in Rijeka and the Faculty of Law at the University of Wroclaw, graduating at the Faculty of Law in&#8230;<\/p>\n","protected":false},"author":1,"featured_media":0,"parent":0,"menu_order":0,"comment_status":"closed","ping_status":"closed","template":"","meta":{"footnotes":""},"class_list":["post-9197","page","type-page","status-publish","hentry"],"yoast_head":"<!-- This site is optimized with the Yoast SEO plugin v26.2 - https:\/\/yoast.com\/wordpress\/plugins\/seo\/ -->\n<title>Team - Odvjetnik Sesar<\/title>\n<meta name=\"robots\" content=\"index, follow, max-snippet:-1, max-image-preview:large, max-video-preview:-1\" \/>\n<link rel=\"canonical\" href=\"https:\/\/odvjetniksesar.hr\/en\/team\/\" \/>\n<meta property=\"og:locale\" content=\"en_US\" \/>\n<meta property=\"og:type\" content=\"article\" \/>\n<meta property=\"og:title\" content=\"Team - Odvjetnik Sesar\" \/>\n<meta property=\"og:description\" content=\"[vc_row][vc_column width=&#8221;1\/6&#8243;][\/vc_column][vc_column width=&#8221;2\/3&#8243; css=&#8221;.vc_custom_1662170132670{margin-top: 150px !important;}&#8221;][vc_custom_heading text=&#8221;Team&#8221; font_container=&#8221;tag:h5|font_size:25|text_align:center|color:%23999999&#8243; google_fonts=&#8221;font_family:PT%20Serif%3Aregular%2Citalic%2C700%2C700italic|font_style:400%20italic%3A400%3Aitalic&#8221; el_id=&#8221;maintit2&#8243;][\/vc_column][vc_column width=&#8221;1\/6&#8243;][\/vc_column][\/vc_row][vc_row full_width=&#8221;stretch_row&#8221; css=&#8221;.vc_custom_1662170225920{margin-top: 0px !important;padding-top: 40px !important;padding-bottom: 100px !important;}&#8221;][vc_column width=&#8221;1\/3&#8243; offset=&#8221;vc_col-md-4&#8243;][cmsms_profile uniqid=&#8221;cmsms_shcd_64c67fa5c2dde0_55280802&#8243; image=&#8221;9430&#8243; title=&#8221;Antonela Sesar, mag.iur.&#8221; subtitle=&#8221;ATTORNEY AT LAW\/OWNER&#8221; icons=&#8221;%5B%7B%7D%5D&#8221; text=&#8221;Antonela attended the Faculty of Law in Rijeka and the Faculty of Law at the University of Wroclaw, graduating at the Faculty of Law in...\" \/>\n<meta property=\"og:url\" content=\"https:\/\/odvjetniksesar.hr\/en\/team\/\" \/>\n<meta property=\"og:site_name\" content=\"Odvjetnik Sesar\" \/>\n<meta property=\"article:modified_time\" content=\"2023-07-30T15:30:38+00:00\" \/>\n<meta name=\"twitter:card\" content=\"summary_large_image\" \/>\n<meta name=\"twitter:label1\" content=\"Est. reading time\" \/>\n\t<meta name=\"twitter:data1\" content=\"2 minutes\" \/>\n<script type=\"application\/ld+json\" class=\"yoast-schema-graph\">{\"@context\":\"https:\/\/schema.org\",\"@graph\":[{\"@type\":\"WebPage\",\"@id\":\"https:\/\/odvjetniksesar.hr\/en\/team\/\",\"url\":\"https:\/\/odvjetniksesar.hr\/en\/team\/\",\"name\":\"Team - Odvjetnik Sesar\",\"isPartOf\":{\"@id\":\"https:\/\/odvjetniksesar.hr\/#website\"},\"datePublished\":\"2022-10-08T00:16:32+00:00\",\"dateModified\":\"2023-07-30T15:30:38+00:00\",\"breadcrumb\":{\"@id\":\"https:\/\/odvjetniksesar.hr\/en\/team\/#breadcrumb\"},\"inLanguage\":\"en-US\",\"potentialAction\":[{\"@type\":\"ReadAction\",\"target\":[\"https:\/\/odvjetniksesar.hr\/en\/team\/\"]}]},{\"@type\":\"BreadcrumbList\",\"@id\":\"https:\/\/odvjetniksesar.hr\/en\/team\/#breadcrumb\",\"itemListElement\":[{\"@type\":\"ListItem\",\"position\":1,\"name\":\"Home\",\"item\":\"https:\/\/odvjetniksesar.hr\/en\/\"},{\"@type\":\"ListItem\",\"position\":2,\"name\":\"Team\"}]},{\"@type\":\"WebSite\",\"@id\":\"https:\/\/odvjetniksesar.hr\/#website\",\"url\":\"https:\/\/odvjetniksesar.hr\/\",\"name\":\"Odvjetnik Sesar\",\"description\":\"Attorney at law\",\"potentialAction\":[{\"@type\":\"SearchAction\",\"target\":{\"@type\":\"EntryPoint\",\"urlTemplate\":\"https:\/\/odvjetniksesar.hr\/?s={search_term_string}\"},\"query-input\":{\"@type\":\"PropertyValueSpecification\",\"valueRequired\":true,\"valueName\":\"search_term_string\"}}],\"inLanguage\":\"en-US\"}]}<\/script>\n<!-- \/ Yoast SEO plugin. -->","yoast_head_json":{"title":"Team - Odvjetnik Sesar","robots":{"index":"index","follow":"follow","max-snippet":"max-snippet:-1","max-image-preview":"max-image-preview:large","max-video-preview":"max-video-preview:-1"},"canonical":"https:\/\/odvjetniksesar.hr\/en\/team\/","og_locale":"en_US","og_type":"article","og_title":"Team - Odvjetnik Sesar","og_description":"[vc_row][vc_column width=&#8221;1\/6&#8243;][\/vc_column][vc_column width=&#8221;2\/3&#8243; css=&#8221;.vc_custom_1662170132670{margin-top: 150px !important;}&#8221;][vc_custom_heading text=&#8221;Team&#8221; font_container=&#8221;tag:h5|font_size:25|text_align:center|color:%23999999&#8243; google_fonts=&#8221;font_family:PT%20Serif%3Aregular%2Citalic%2C700%2C700italic|font_style:400%20italic%3A400%3Aitalic&#8221; el_id=&#8221;maintit2&#8243;][\/vc_column][vc_column width=&#8221;1\/6&#8243;][\/vc_column][\/vc_row][vc_row full_width=&#8221;stretch_row&#8221; css=&#8221;.vc_custom_1662170225920{margin-top: 0px !important;padding-top: 40px !important;padding-bottom: 100px !important;}&#8221;][vc_column width=&#8221;1\/3&#8243; offset=&#8221;vc_col-md-4&#8243;][cmsms_profile uniqid=&#8221;cmsms_shcd_64c67fa5c2dde0_55280802&#8243; image=&#8221;9430&#8243; title=&#8221;Antonela Sesar, mag.iur.&#8221; subtitle=&#8221;ATTORNEY AT LAW\/OWNER&#8221; icons=&#8221;%5B%7B%7D%5D&#8221; text=&#8221;Antonela attended the Faculty of Law in Rijeka and the Faculty of Law at the University of Wroclaw, graduating at the Faculty of Law in...","og_url":"https:\/\/odvjetniksesar.hr\/en\/team\/","og_site_name":"Odvjetnik Sesar","article_modified_time":"2023-07-30T15:30:38+00:00","twitter_card":"summary_large_image","twitter_misc":{"Est. reading time":"2 minutes"},"schema":{"@context":"https:\/\/schema.org","@graph":[{"@type":"WebPage","@id":"https:\/\/odvjetniksesar.hr\/en\/team\/","url":"https:\/\/odvjetniksesar.hr\/en\/team\/","name":"Team - Odvjetnik Sesar","isPartOf":{"@id":"https:\/\/odvjetniksesar.hr\/#website"},"datePublished":"2022-10-08T00:16:32+00:00","dateModified":"2023-07-30T15:30:38+00:00","breadcrumb":{"@id":"https:\/\/odvjetniksesar.hr\/en\/team\/#breadcrumb"},"inLanguage":"en-US","potentialAction":[{"@type":"ReadAction","target":["https:\/\/odvjetniksesar.hr\/en\/team\/"]}]},{"@type":"BreadcrumbList","@id":"https:\/\/odvjetniksesar.hr\/en\/team\/#breadcrumb","itemListElement":[{"@type":"ListItem","position":1,"name":"Home","item":"https:\/\/odvjetniksesar.hr\/en\/"},{"@type":"ListItem","position":2,"name":"Team"}]},{"@type":"WebSite","@id":"https:\/\/odvjetniksesar.hr\/#website","url":"https:\/\/odvjetniksesar.hr\/","name":"Odvjetnik Sesar","description":"Attorney at law","potentialAction":[{"@type":"SearchAction","target":{"@type":"EntryPoint","urlTemplate":"https:\/\/odvjetniksesar.hr\/?s={search_term_string}"},"query-input":{"@type":"PropertyValueSpecification","valueRequired":true,"valueName":"search_term_string"}}],"inLanguage":"en-US"}]}},"_links":{"self":[{"href":"https:\/\/odvjetniksesar.hr\/en\/wp-json\/wp\/v2\/pages\/9197","targetHints":{"allow":["GET"]}}],"collection":[{"href":"https:\/\/odvjetniksesar.hr\/en\/wp-json\/wp\/v2\/pages"}],"about":[{"href":"https:\/\/odvjetniksesar.hr\/en\/wp-json\/wp\/v2\/types\/page"}],"author":[{"embeddable":true,"href":"https:\/\/odvjetniksesar.hr\/en\/wp-json\/wp\/v2\/users\/1"}],"replies":[{"embeddable":true,"href":"https:\/\/odvjetniksesar.hr\/en\/wp-json\/wp\/v2\/comments?post=9197"}],"version-history":[{"count":3,"href":"https:\/\/odvjetniksesar.hr\/en\/wp-json\/wp\/v2\/pages\/9197\/revisions"}],"predecessor-version":[{"id":9441,"href":"https:\/\/odvjetniksesar.hr\/en\/wp-json\/wp\/v2\/pages\/9197\/revisions\/9441"}],"wp:attachment":[{"href":"https:\/\/odvjetniksesar.hr\/en\/wp-json\/wp\/v2\/media?parent=9197"}],"curies":[{"name":"wp","href":"https:\/\/api.w.org\/{rel}","templated":true}]}}